{"id":16656,"date":"2021-07-05T12:48:14","date_gmt":"2021-07-05T10:48:14","guid":{"rendered":"https:\/\/mey-components.de\/impressum\/"},"modified":"2023-10-16T10:05:05","modified_gmt":"2023-10-16T08:05:05","slug":"supplier-identification","status":"publish","type":"page","link":"https:\/\/www.mey-components.de\/en\/supplier-identification\/","title":{"rendered":"Supplier identification"},"content":{"rendered":"[vc_row type=&#8221;in_container&#8221; full_screen_row_position=&#8221;middle&#8221; column_margin=&#8221;default&#8221; column_direction=&#8221;default&#8221; column_direction_tablet=&#8221;default&#8221; column_direction_phone=&#8221;default&#8221; scene_position=&#8221;center&#8221; top_padding=&#8221;3%&#8221; bottom_padding=&#8221;3%&#8221; text_color=&#8221;dark&#8221; text_align=&#8221;left&#8221; row_border_radius=&#8221;none&#8221; row_border_radius_applies=&#8221;bg&#8221; overflow=&#8221;visible&#8221; overlay_strength=&#8221;0.3&#8243; gradient_direction=&#8221;left_to_right&#8221; shape_divider_position=&#8221;bottom&#8221; bg_image_animation=&#8221;none&#8221; shape_type=&#8221;&#8221;][vc_column column_padding=&#8221;no-extra-padding&#8221; column_padding_tablet=&#8221;inherit&#8221; column_padding_phone=&#8221;inherit&#8221; column_padding_position=&#8221;all&#8221; column_element_direction_desktop=&#8221;default&#8221; column_element_spacing=&#8221;default&#8221; desktop_text_alignment=&#8221;default&#8221; tablet_text_alignment=&#8221;default&#8221; phone_text_alignment=&#8221;default&#8221; background_color_opacity=&#8221;1&#8243; background_hover_color_opacity=&#8221;1&#8243; column_backdrop_filter=&#8221;none&#8221; column_shadow=&#8221;none&#8221; column_border_radius=&#8221;none&#8221; column_link_target=&#8221;_self&#8221; column_position=&#8221;default&#8221; gradient_direction=&#8221;left_to_right&#8221; overlay_strength=&#8221;0.3&#8243; width=&#8221;1\/1&#8243; tablet_width_inherit=&#8221;default&#8221; animation_type=&#8221;default&#8221; bg_image_animation=&#8221;none&#8221; border_type=&#8221;simple&#8221; column_border_width=&#8221;none&#8221; column_border_style=&#8221;solid&#8221; offset=&#8221;vc_col-lg-offset-1 vc_col-lg-10&#8243;][vc_column_text el_class=&#8221;mey-content-txt&#8221;]\n<h2>Thank you for your interest in our website<\/h2>\n<p><strong>Supplier Identification<\/strong><\/p>\n<p><strong>Mey SYSTEMS GmbH<\/strong><br \/>\nmey components | a brand of Mey SYSTEMS GmbH<\/p>\n<p>Merlach 16<br \/>\n96145 Se\u00dflach-Merlach<br \/>\nDeutschland<\/p>\n<p>Phone: 09567 9226 0<\/p>\n<p>E-Mail: info@mey-components.de<\/p>\n<p>Managing Director: Benedikt Mey, Tobias Mey<\/p>\n<p>Registered at Amtsgericht Coburg, HRB 3111<\/p>\n<p>Value added tax registration number(s): DE812853763<\/p>\n<p>The European Commission provides a platform for online dispute resolutions (ODR) which can be accessed at <a href=\"https:\/\/ec.europa.eu\/consumers\/odr\/\" target=\"_blank\" rel=\"noopener\">https:\/\/ec.europa.eu\/consumers\/odr\/<\/a>. We are ready to participate in extra-judicial dispute settlement proceedings before a consumer dispute resolution body. The competent body in this matter is: Universalschlichtungsstelle des Bundes am Zentrum f\u00fcr Schlichtung e.V., Stra\u00dfburger Stra\u00dfe 8, 77694 Kehl am Rhein, <a href=\"https:\/\/www.verbraucher-schlichter.de\" target=\"_blank\" rel=\"noopener\">www.verbraucher-schlichter.de<\/a>.<\/p>\n<p><a href=\"https:\/\/legal.trustedshops.com\/produkte\/rechtstexter\" target=\"_blank\" rel=\"noopener\">Impressum<\/a> erstellt mit dem <a href=\"https:\/\/legal.trustedshops.com\" target=\"_blank\" rel=\"noopener\">Trusted Shops<\/a> Rechtstexter<\/p>\n<h3>Photo credit<\/h3>\n<p>\u00a9 meychair[\/vc_column_text][\/vc_column][\/vc_row]\n","protected":false},"excerpt":{"rendered":"<p>[vc_row type=&#8221;in_container&#8221; full_screen_row_position=&#8221;middle&#8221; column_margin=&#8221;default&#8221; column_direction=&#8221;default&#8221; column_direction_tablet=&#8221;default&#8221; column_direction_phone=&#8221;default&#8221; scene_position=&#8221;center&#8221; top_padding=&#8221;3%&#8221; bottom_padding=&#8221;3%&#8221; text_color=&#8221;dark&#8221; text_align=&#8221;left&#8221; row_border_radius=&#8221;none&#8221; row_border_radius_applies=&#8221;bg&#8221; overflow=&#8221;visible&#8221; overlay_strength=&#8221;0.3&#8243; gradient_direction=&#8221;left_to_right&#8221; shape_divider_position=&#8221;bottom&#8221; bg_image_animation=&#8221;none&#8221; shape_type=&#8221;&#8221;][vc_column column_padding=&#8221;no-extra-padding&#8221; column_padding_tablet=&#8221;inherit&#8221; column_padding_phone=&#8221;inherit&#8221; column_padding_position=&#8221;all&#8221; column_element_direction_desktop=&#8221;default&#8221;&#8230;<\/p>\n","protected":false},"author":6,"featured_media":0,"parent":0,"menu_order":0,"comment_status":"closed","ping_status":"closed","template":"","meta":{"_acf_changed":false,"footnotes":""},"acf":[],"_links":{"self":[{"href":"https:\/\/www.mey-components.de\/en\/wp-json\/wp\/v2\/pages\/16656"}],"collection":[{"href":"https:\/\/www.mey-components.de\/en\/wp-json\/wp\/v2\/pages"}],"about":[{"href":"https:\/\/www.mey-components.de\/en\/wp-json\/wp\/v2\/types\/page"}],"author":[{"embeddable":true,"href":"https:\/\/www.mey-components.de\/en\/wp-json\/wp\/v2\/users\/6"}],"replies":[{"embeddable":true,"href":"https:\/\/www.mey-components.de\/en\/wp-json\/wp\/v2\/comments?post=16656"}],"version-history":[{"count":3,"href":"https:\/\/www.mey-components.de\/en\/wp-json\/wp\/v2\/pages\/16656\/revisions"}],"predecessor-version":[{"id":32633,"href":"https:\/\/www.mey-components.de\/en\/wp-json\/wp\/v2\/pages\/16656\/revisions\/32633"}],"wp:attachment":[{"href":"https:\/\/www.mey-components.de\/en\/wp-json\/wp\/v2\/media?parent=16656"}],"curies":[{"name":"wp","href":"https:\/\/api.w.org\/{rel}","templated":true}]}}